{"id":1090,"date":"2019-10-29T17:16:50","date_gmt":"2019-10-29T17:16:50","guid":{"rendered":"https:\/\/grupobiotech.com.mx\/?page_id=1090"},"modified":"2026-04-03T16:37:17","modified_gmt":"2026-04-03T16:37:17","slug":"aviso-de-privacidad","status":"publish","type":"page","link":"https:\/\/grupobiotech.com.mx\/en\/aviso-de-privacidad\/","title":{"rendered":"AVISO DE PRIVACIDAD"},"content":{"rendered":"<div data-elementor-type=\"wp-post\" data-elementor-id=\"1090\" class=\"elementor elementor-1090\">\n\t\t\t\t<div class=\"elementor-element elementor-element-e52c558 e-flex e-con-boxed e-con e-parent\" data-id=\"e52c558\" data-element_type=\"container\" data-settings=\"{&quot;background_background&quot;:&quot;classic&quot;}\">\n\t\t\t\t\t<div class=\"e-con-inner\">\n\t\t\t\t\t<\/div>\n\t\t\t\t<\/div>\n\t\t<div class=\"elementor-element elementor-element-4a799af e-flex e-con-boxed e-con e-parent\" data-id=\"4a799af\" data-element_type=\"container\">\n\t\t\t\t\t<div class=\"e-con-inner\">\n\t\t\t\t<div class=\"elementor-element elementor-element-84d08cb elementor-widget elementor-widget-text-editor\" data-id=\"84d08cb\" data-element_type=\"widget\" data-widget_type=\"text-editor.default\">\n\t\t\t\t<div class=\"elementor-widget-container\">\n\t\t\t\t\t\t\t\t\t<h1 style=\"text-align: center;\"><strong>Aviso de Privacidad Integral <\/strong><\/h1><p>Biotech Salvatierra S.P.R. de R.L. de C.V., con domicilio en Camino Domicilio conocido S\/N Panales de Jamaica, Tarimoro, Guanajuato. CP 38710, es el responsable del tratamiento de los datos personales que nos proporcione, los cuales ser\u00e1n protegidos conforme a lo dispuesto por la Ley de Protecci\u00f3n de Datos Personales en Posesi\u00f3n de Sujetos Obligados para el Estado de Guanajuato, y dem\u00e1s normatividad que resulte aplicable.<\/p><h3 style=\"text-align: center;\"><strong>Finalidades del tratamiento<\/strong><\/h3><p>Los datos personales que recabamos de usted, los utilizaremos para las siguientes finalidades: realizar los tr\u00e1mites de contrataci\u00f3n, nombramiento e identificaci\u00f3n de personal; administrar y dispersar la n\u00f3mina; cumplir con las obligaciones patronales; otorgamiento de prestaciones y movimientos de personal, cumplimiento de obligaciones de transparencia comunes establecidos en la Ley de Transparencia y Acceso a la Informaci\u00f3n, transferencia a terceros en cumplimiento a atribuciones legales, registro de asistencia electr\u00f3nica; as\u00ed mismo se comunica que no se efectuar\u00e1n tratamientos adicionales.<\/p><h3 style=\"text-align: center;\"><strong>Datos personales recabados<\/strong><\/h3><p>Para las finalidades antes se\u00f1aladas se solicitar\u00e1n los siguientes datos personales:<\/p><table><tbody><tr><td width=\"127\"><p style=\"text-align: center;\"><strong>Categor\u00eda<\/strong><\/p><\/td><td width=\"462\"><p style=\"text-align: left;\"><strong>Tipo de datos personales<\/strong><\/p><\/td><\/tr><tr><td width=\"127\"><p style=\"text-align: center;\"><strong>Datos identificativos:<\/strong><\/p><\/td><td width=\"462\"><p>\u00b7\u00a0Nombre<\/p><p>\u00b7\u00a0Domicilio (Comprobante de Domicilio)<\/p><p>\u00b7\u00a0Tel\u00e9fono particular<\/p><p>\u00b7\u00a0Tel\u00e9fono celular<\/p><p>\u00b7\u00a0Estado Civil<\/p><p>\u00b7\u00a0Sexo<\/p><p>\u00b7\u00a0Solicitud de empleo<\/p><p>\u00b7\u00a0RFC<\/p><p>\u00b7\u00a0CURP<\/p><p>\u00b7\u00a0Credencial de Elector<\/p><p>\u00b7\u00a0Nombre de familiares y tel\u00e9fono en caso de emergencia<\/p><p>\u00b7\u00a0Hijos<\/p><p>\u00b7\u00a0Fecha de nacimiento (Acta de Nacimiento)<\/p><p>\u00b7\u00a0Lugar de nacimiento<\/p><p>\u00b7\u00a0Fotograf\u00edas<\/p><p>\u00b7\u00a0Edad<\/p><p>\u00b7\u00a0Firma<\/p><p>\u00b7\u00a0N\u00famero de seguro social<\/p><\/td><\/tr><tr><td width=\"127\"><p><strong>Datos electr\u00f3nicos:<\/strong><\/p><\/td><td width=\"462\"><p>\u00b7\u00a0Correo electr\u00f3nico<\/p><\/td><\/tr><tr><td width=\"127\"><p><strong>Datos acad\u00e9micos:<\/strong><\/p><\/td><td width=\"462\"><p>\u00b7\u00a0T\u00edtulos<\/p><p>\u00b7\u00a0Certificados<\/p><p>\u00b7\u00a0Reconocimientos<\/p><p>\u00b7\u00a0Constancias<\/p><p>\u00b7\u00a0Diplomas<\/p><p>\u00b7\u00a0C\u00e9dula Profesional<\/p><\/td><\/tr><tr><td width=\"127\"><p><strong>Datos laborales:<\/strong><\/p><\/td><td width=\"462\"><p>\u00b7\u00a0Referencias personales y laborales<\/p><\/td><\/tr><tr><td width=\"127\"><p><strong>Datos patrimoniales:<\/strong><\/p><\/td><td width=\"462\"><p>\u00b7\u00a0N\u00famero de cuenta bancaria<\/p><p>\u00b7\u00a0Descuentos por orden judicial<\/p><p>\u00b7\u00a0Cr\u00e9ditos<\/p><\/td><\/tr><tr><td width=\"127\"><p><strong>Datos biom\u00e9tricos:<\/strong><\/p><\/td><td width=\"462\"><p>\u00b7\u00a0Huella dactilar<\/p><p>\u00b7\u00a0Registro facial<\/p><\/td><\/tr><tr><td width=\"127\"><p><strong>Datos m\u00e9dicos:<\/strong><\/p><\/td><td width=\"462\"><p>\u00b7\u00a0Antecedentes heredo-familiares<\/p><p>\u00b7\u00a0Antecedentes personales patol\u00f3gicas\/no patol\u00f3gicas<\/p><p>\u00b7\u00a0Exploraci\u00f3n f\u00edsica<\/p><\/td><\/tr><\/tbody><\/table><p>Se informa que se recaban datos personales sensibles tales como: estado de salud presente o futuro, padecimientos o enfermedades.<\/p><h3 style=\"text-align: center;\"><strong>Fundamento legal<\/strong><\/h3><p>Manejamos su informaci\u00f3n con base en lo dispuesto en los art\u00edculos 6 apartado A, fracci\u00f3n II, 16 p\u00e1rrafo segundo de la Constituci\u00f3n Pol\u00edtica de los Estados Unidos Mexicanos, 14 apartado B, fracci\u00f3n II de la Constituci\u00f3n Pol\u00edtica para el Estado de Guanajuato, 3 fracciones II, IX, X, XI, XXVIII, XXXI y XXXIII, 6, 7, 8, 16, 17, 18, 19, 20, 21, 22, 23, 24, 25, 26 y 27, as\u00ed como lo dispuesto en el T\u00edtulo Tercero, Cap\u00edtulo Primero, 65,70 y 80, 81 de la Ley General de Protecci\u00f3n de Datos Personales en Posesi\u00f3n de Sujetos Obligados, 3 fracciones I, VII, VIII, IX, XXIX, XXXII, XXXIII y XXXIV, 7, 8, 9, 13, 14, 15, 16, 17, 34, 36, 37, 39, 40, 42, as\u00ed como lo dispuesto en el T\u00edtulo Tercero, Cap\u00edtulo Primero, 96 y 97, de la Ley de Protecci\u00f3n de Datos Personales en Posesi\u00f3n de Sujetos Obligados para el Estado de Guanajuato.<\/p><h3 style=\"text-align: center;\"><strong><b>Transferencia de datos personales<\/b><\/strong>\u00a0<\/h3><p>Le informamos que sus datos personales son compartidos con:<\/p><table><tbody><tr><td width=\"353\"><p style=\"text-align: center;\"><strong><b>Destinatario de los datos personales<\/b><\/strong><\/p><\/td><td style=\"text-align: center;\" width=\"139\"><p><strong><b>Pa\u00eds<\/b><\/strong><\/p><\/td><td style=\"text-align: center;\" width=\"242\"><p><strong><b>Finalidad<\/b><\/strong><\/p><\/td><\/tr><tr><td width=\"353\"><p style=\"text-align: center;\">Servicio de Administraci\u00f3n Tributaria de la Secretar\u00eda de Hacienda y Cr\u00e9dito P\u00fablico<\/p><\/td><td width=\"139\"><p style=\"text-align: center;\">M\u00e9xico<\/p><\/td><td width=\"242\"><p style=\"text-align: center;\">Pago de impuestos<\/p><\/td><\/tr><tr><td width=\"353\"><p style=\"text-align: center;\">Instituto Mexicano del Seguro Social<\/p><\/td><td width=\"139\"><p style=\"text-align: center;\">M\u00e9xico<\/p><\/td><td width=\"242\"><p style=\"text-align: center;\">Pago de cuotas<\/p><\/td><\/tr><tr><td width=\"353\"><p style=\"text-align: center;\">Secretar\u00eda de Finanzas y Planeaci\u00f3n<\/p><\/td><td width=\"139\"><p style=\"text-align: center;\">M\u00e9xico<\/p><\/td><td width=\"242\"><p style=\"text-align: center;\">Tr\u00e1mites financieros y n\u00f3mina<\/p><\/td><\/tr><tr><td width=\"353\"><p style=\"text-align: center;\">Grupo Financiero Bancomer<\/p><\/td><td width=\"139\"><p style=\"text-align: center;\">M\u00e9xico<\/p><\/td><td width=\"242\"><p style=\"text-align: center;\">Dispersi\u00f3n de n\u00f3mina<\/p><\/td><\/tr><tr><td style=\"text-align: center;\" width=\"353\"><p>Grupo Financiero Santander<\/p><\/td><td style=\"text-align: center;\" width=\"139\"><p>M\u00e9xico<\/p><\/td><td width=\"242\"><p style=\"text-align: center;\">Dispersi\u00f3n de n\u00f3mina<\/p><\/td><\/tr><tr><td width=\"353\"><p style=\"text-align: center;\">Autoridades jurisdiccionales estatales o federales<\/p><\/td><td style=\"text-align: center;\" width=\"139\"><p>M\u00e9xico<\/p><\/td><td width=\"242\"><p style=\"text-align: center;\">Cumplimiento de mandamiento judicial fundado y motivado.<\/p><\/td><\/tr><tr><td style=\"text-align: center;\" width=\"353\"><p>Auditor\u00edas Internas y Clientes<\/p><\/td><td style=\"text-align: center;\" width=\"139\"><p>M\u00e9xico<\/p><\/td><td width=\"242\"><p style=\"text-align: center;\">Revisi\u00f3n y Cumplimiento<\/p><\/td><\/tr><\/tbody><\/table><h3 style=\"text-align: center;\"><strong>Derechos ARCO <\/strong><\/h3><p>Para el ejercicio de cualquiera de los derechos BIOTECH SALVATIERRA S.P.R. DE R.L. DE C.V., pondr\u00e1 a su disposici\u00f3n sus datos que poseemos y detalles del tratamiento de los mismos, as\u00ed como a rectificarlos en caso de ser inexactos o exigirnos cancelarlos cuando considere que resulten ser excesivos o innecesarios para las finalidades que justificaron su obtenci\u00f3n, as\u00ed como oposici\u00f3n.<\/p><p>Los mecanismos que se han implementado para el ejercicio de sus derechos es presentar solicitud por escrito ante el departamento de recursos humanos.<\/p><h3 style=\"text-align: center;\"><strong>Datos de la Unidad de Transparencia <\/strong><\/h3><p>Domicilio: Calle Guerrero #3, Comunidad La salud, municipio de Tarimoro, Guanajuato. CP 38710<\/p><p>Tel\u00e9fono: +52 461 182 13 18<\/p><h3 style=\"text-align: center;\"><strong><b>Cambios al Aviso de Privacidad<\/b><\/strong><\/h3><p>En caso de realizar alguna modificaci\u00f3n al Aviso de Privacidad se publicar\u00e1n en esta misma p\u00e1gina.<\/p>\t\t\t\t\t\t\t\t<\/div>\n\t\t\t\t<\/div>\n\t\t\t\t\t<\/div>\n\t\t\t\t<\/div>\n\t\t\t\t<\/div>","protected":false},"excerpt":{"rendered":"<p>Aviso de Privacidad Integral Biotech Salvatierra S.P.R. de R.L. de C.V., con domicilio en Camino Domicilio conocido S\/N Panales de Jamaica, Tarimoro, Guanajuato. CP 38710, es el responsable del tratamiento de los datos personales que nos proporcione, los cuales ser\u00e1n protegidos conforme a lo dispuesto por la Ley de Protecci\u00f3n de Datos Personales en Posesi\u00f3n [&hellip;]<\/p>","protected":false},"author":2,"featured_media":0,"parent":0,"menu_order":0,"comment_status":"closed","ping_status":"closed","template":"","meta":{"ocean_post_layout":"full-screen","ocean_both_sidebars_style":"","ocean_both_sidebars_content_width":0,"ocean_both_sidebars_sidebars_width":0,"ocean_sidebar":"0","ocean_second_sidebar":"0","ocean_disable_margins":"enable","ocean_add_body_class":"","ocean_shortcode_before_top_bar":"","ocean_shortcode_after_top_bar":"","ocean_shortcode_before_header":"","ocean_shortcode_after_header":"","ocean_has_shortcode":"","ocean_shortcode_after_title":"","ocean_shortcode_before_footer_widgets":"","ocean_shortcode_after_footer_widgets":"","ocean_shortcode_before_footer_bottom":"","ocean_shortcode_after_footer_bottom":"","ocean_display_top_bar":"default","ocean_display_header":"default","ocean_header_style":"","ocean_center_header_left_menu":"0","ocean_custom_header_template":"0","ocean_custom_logo":0,"ocean_custom_retina_logo":0,"ocean_custom_logo_max_width":0,"ocean_custom_logo_tablet_max_width":0,"ocean_custom_logo_mobile_max_width":0,"ocean_custom_logo_max_height":0,"ocean_custom_logo_tablet_max_height":0,"ocean_custom_logo_mobile_max_height":0,"ocean_header_custom_menu":"0","ocean_menu_typo_font_family":"0","ocean_menu_typo_font_subset":"","ocean_menu_typo_font_size":0,"ocean_menu_typo_font_size_tablet":0,"ocean_menu_typo_font_size_mobile":0,"ocean_menu_typo_font_size_unit":"px","ocean_menu_typo_font_weight":"","ocean_menu_typo_font_weight_tablet":"","ocean_menu_typo_font_weight_mobile":"","ocean_menu_typo_transform":"","ocean_menu_typo_transform_tablet":"","ocean_menu_typo_transform_mobile":"","ocean_menu_typo_line_height":0,"ocean_menu_typo_line_height_tablet":0,"ocean_menu_typo_line_height_mobile":0,"ocean_menu_typo_line_height_unit":"","ocean_menu_typo_spacing":0,"ocean_menu_typo_spacing_tablet":0,"ocean_menu_typo_spacing_mobile":0,"ocean_menu_typo_spacing_unit":"","ocean_menu_link_color":"","ocean_menu_link_color_hover":"","ocean_menu_link_color_active":"","ocean_menu_link_background":"","ocean_menu_link_hover_background":"","ocean_menu_link_active_background":"","ocean_menu_social_links_bg":"","ocean_menu_social_hover_links_bg":"","ocean_menu_social_links_color":"","ocean_menu_social_hover_links_color":"","ocean_disable_title":"on","ocean_disable_heading":"default","ocean_post_title":"","ocean_post_subheading":"","ocean_post_title_style":"","ocean_post_title_background_color":"","ocean_post_title_background":0,"ocean_post_title_bg_image_position":"","ocean_post_title_bg_image_attachment":"","ocean_post_title_bg_image_repeat":"","ocean_post_title_bg_image_size":"","ocean_post_title_height":0,"ocean_post_title_bg_overlay":0.5,"ocean_post_title_bg_overlay_color":"","ocean_disable_breadcrumbs":"default","ocean_breadcrumbs_color":"","ocean_breadcrumbs_separator_color":"","ocean_breadcrumbs_links_color":"","ocean_breadcrumbs_links_hover_color":"","ocean_display_footer_widgets":"default","ocean_display_footer_bottom":"default","ocean_custom_footer_template":"0","footnotes":""},"class_list":["post-1090","page","type-page","status-publish","hentry","entry"],"_links":{"self":[{"href":"https:\/\/grupobiotech.com.mx\/en\/wp-json\/wp\/v2\/pages\/1090","targetHints":{"allow":["GET"]}}],"collection":[{"href":"https:\/\/grupobiotech.com.mx\/en\/wp-json\/wp\/v2\/pages"}],"about":[{"href":"https:\/\/grupobiotech.com.mx\/en\/wp-json\/wp\/v2\/types\/page"}],"author":[{"embeddable":true,"href":"https:\/\/grupobiotech.com.mx\/en\/wp-json\/wp\/v2\/users\/2"}],"replies":[{"embeddable":true,"href":"https:\/\/grupobiotech.com.mx\/en\/wp-json\/wp\/v2\/comments?post=1090"}],"version-history":[{"count":5,"href":"https:\/\/grupobiotech.com.mx\/en\/wp-json\/wp\/v2\/pages\/1090\/revisions"}],"predecessor-version":[{"id":2556,"href":"https:\/\/grupobiotech.com.mx\/en\/wp-json\/wp\/v2\/pages\/1090\/revisions\/2556"}],"wp:attachment":[{"href":"https:\/\/grupobiotech.com.mx\/en\/wp-json\/wp\/v2\/media?parent=1090"}],"curies":[{"name":"wp","href":"https:\/\/api.w.org\/{rel}","templated":true}]}}