{"id":1873,"date":"2024-04-04T16:03:32","date_gmt":"2024-04-04T16:03:32","guid":{"rendered":"https:\/\/grupobiotech.com.mx\/?page_id=1873"},"modified":"2025-05-28T23:40:36","modified_gmt":"2025-05-28T23:40:36","slug":"productos","status":"publish","type":"page","link":"https:\/\/grupobiotech.com.mx\/en\/productos\/","title":{"rendered":"Productos"},"content":{"rendered":"<div data-elementor-type=\"wp-page\" data-elementor-id=\"1873\" class=\"elementor elementor-1873\">\n\t\t\t\t<div class=\"elementor-element elementor-element-3b65da7 e-flex e-con-boxed e-con e-parent\" data-id=\"3b65da7\" data-element_type=\"container\">\n\t\t\t\t\t<div class=\"e-con-inner\">\n\t\t<div class=\"elementor-element elementor-element-411331d e-con-full e-flex e-con e-child\" data-id=\"411331d\" data-element_type=\"container\">\n\t\t\t\t<div class=\"elementor-element elementor-element-26e471b elementor-widget elementor-widget-heading\" data-id=\"26e471b\" data-element_type=\"widget\" data-widget_type=\"heading.default\">\n\t\t\t\t<div class=\"elementor-widget-container\">\n\t\t\t\t\t<h2 class=\"elementor-heading-title elementor-size-default\">Our Products...<\/h2>\t\t\t\t<\/div>\n\t\t\t\t<\/div>\n\t\t\t\t<div class=\"elementor-element elementor-element-8e19c5d elementor-widget elementor-widget-text-editor\" data-id=\"8e19c5d\" data-element_type=\"widget\" data-widget_type=\"text-editor.default\">\n\t\t\t\t<div class=\"elementor-widget-container\">\n\t\t\t\t\t\t\t\t\t<p>We are proud to offer the highest quality products that meet international organic certification standards. Our team of expert growers works hard to ensure that every harvest is a testament to our dedication to excellence and integrity.<\/p>\t\t\t\t\t\t\t\t<\/div>\n\t\t\t\t<\/div>\n\t\t\t\t<\/div>\n\t\t<div class=\"elementor-element elementor-element-18713aa e-con-full e-flex e-con e-child\" data-id=\"18713aa\" data-element_type=\"container\">\n\t\t\t\t<div class=\"elementor-element elementor-element-38b085f elementor-widget-tablet__width-initial elementor-widget elementor-widget-image\" data-id=\"38b085f\" data-element_type=\"widget\" data-widget_type=\"image.default\">\n\t\t\t\t<div class=\"elementor-widget-container\">\n\t\t\t\t\t\t\t\t\t\t\t\t\t\t\t<img fetchpriority=\"high\" decoding=\"async\" width=\"820\" height=\"570\" src=\"https:\/\/grupobiotech.com.mx\/wp-content\/uploads\/2024\/08\/PAGINA-WEB-5.png\" class=\"attachment-large size-large wp-image-2017\" alt=\"\" srcset=\"https:\/\/grupobiotech.com.mx\/wp-content\/uploads\/2024\/08\/PAGINA-WEB-5.png 820w, https:\/\/grupobiotech.com.mx\/wp-content\/uploads\/2024\/08\/PAGINA-WEB-5-300x209.png 300w, https:\/\/grupobiotech.com.mx\/wp-content\/uploads\/2024\/08\/PAGINA-WEB-5-768x534.png 768w\" sizes=\"(max-width: 820px) 100vw, 820px\" \/>\t\t\t\t\t\t\t\t\t\t\t\t\t\t\t<\/div>\n\t\t\t\t<\/div>\n\t\t\t\t<div class=\"elementor-element elementor-element-99c10e6 elementor-widget-tablet__width-initial elementor-widget elementor-widget-image\" data-id=\"99c10e6\" data-element_type=\"widget\" data-widget_type=\"image.default\">\n\t\t\t\t<div class=\"elementor-widget-container\">\n\t\t\t\t\t\t\t\t\t\t\t\t\t\t\t<img decoding=\"async\" width=\"145\" height=\"47\" src=\"https:\/\/grupobiotech.com.mx\/wp-content\/uploads\/2024\/08\/ArrowLeft1.png\" class=\"attachment-large size-large wp-image-2009\" alt=\"\" \/>\t\t\t\t\t\t\t\t\t\t\t\t\t\t\t<\/div>\n\t\t\t\t<\/div>\n\t\t\t\t<div class=\"elementor-element elementor-element-d6eff9b elementor-widget elementor-widget-heading\" data-id=\"d6eff9b\" data-element_type=\"widget\" data-widget_type=\"heading.default\">\n\t\t\t\t<div class=\"elementor-widget-container\">\n\t\t\t\t\t<h2 class=\"elementor-heading-title elementor-size-default\">Heirloom tomato<\/h2>\t\t\t\t<\/div>\n\t\t\t\t<\/div>\n\t\t\t\t<div class=\"elementor-element elementor-element-6505d97 elementor-widget elementor-widget-heading\" data-id=\"6505d97\" data-element_type=\"widget\" data-widget_type=\"heading.default\">\n\t\t\t\t<div class=\"elementor-widget-container\">\n\t\t\t\t\t<h2 class=\"elementor-heading-title elementor-size-default\">Grape tomato<\/h2>\t\t\t\t<\/div>\n\t\t\t\t<\/div>\n\t\t\t\t<div class=\"elementor-element elementor-element-295084d elementor-widget-tablet__width-initial elementor-widget elementor-widget-image\" data-id=\"295084d\" data-element_type=\"widget\" data-widget_type=\"image.default\">\n\t\t\t\t<div class=\"elementor-widget-container\">\n\t\t\t\t\t\t\t\t\t\t\t\t\t\t\t<img decoding=\"async\" width=\"136\" height=\"47\" src=\"https:\/\/grupobiotech.com.mx\/wp-content\/uploads\/2024\/08\/ArrowRight2.png\" class=\"attachment-large size-large wp-image-2012\" alt=\"\" \/>\t\t\t\t\t\t\t\t\t\t\t\t\t\t\t<\/div>\n\t\t\t\t<\/div>\n\t\t\t\t<div class=\"elementor-element elementor-element-b453902 elementor-widget elementor-widget-image\" data-id=\"b453902\" data-element_type=\"widget\" data-widget_type=\"image.default\">\n\t\t\t\t<div class=\"elementor-widget-container\">\n\t\t\t\t\t\t\t\t\t\t\t\t\t\t\t<img loading=\"lazy\" decoding=\"async\" width=\"553\" height=\"660\" src=\"https:\/\/grupobiotech.com.mx\/wp-content\/uploads\/2024\/08\/PAGINA-WEB-2.png\" class=\"attachment-large size-large wp-image-2014\" alt=\"\" srcset=\"https:\/\/grupobiotech.com.mx\/wp-content\/uploads\/2024\/08\/PAGINA-WEB-2.png 553w, https:\/\/grupobiotech.com.mx\/wp-content\/uploads\/2024\/08\/PAGINA-WEB-2-251x300.png 251w\" sizes=\"(max-width: 553px) 100vw, 553px\" \/>\t\t\t\t\t\t\t\t\t\t\t\t\t\t\t<\/div>\n\t\t\t\t<\/div>\n\t\t\t\t<\/div>\n\t\t\t\t\t<\/div>\n\t\t\t\t<\/div>\n\t\t<div class=\"elementor-element elementor-element-a9d0355 e-flex e-con-boxed e-con e-parent\" data-id=\"a9d0355\" data-element_type=\"container\">\n\t\t\t\t\t<div class=\"e-con-inner\">\n\t\t<div class=\"elementor-element elementor-element-012085e e-con-full e-flex e-con e-child\" data-id=\"012085e\" data-element_type=\"container\">\n\t\t\t\t<div class=\"elementor-element elementor-element-398b78e e-transform elementor-widget elementor-widget-image\" data-id=\"398b78e\" data-element_type=\"widget\" data-settings=\"{&quot;_transform_rotateZ_effect&quot;:{&quot;unit&quot;:&quot;px&quot;,&quot;size&quot;:&quot;&quot;,&quot;sizes&quot;:[]},&quot;_transform_rotateZ_effect_tablet&quot;:{&quot;unit&quot;:&quot;deg&quot;,&quot;size&quot;:&quot;&quot;,&quot;sizes&quot;:[]},&quot;_transform_rotateZ_effect_mobile&quot;:{&quot;unit&quot;:&quot;deg&quot;,&quot;size&quot;:&quot;&quot;,&quot;sizes&quot;:[]}}\" data-widget_type=\"image.default\">\n\t\t\t\t<div class=\"elementor-widget-container\">\n\t\t\t\t\t\t\t\t\t\t\t\t\t\t\t<img loading=\"lazy\" decoding=\"async\" width=\"1024\" height=\"302\" src=\"https:\/\/grupobiotech.com.mx\/wp-content\/uploads\/2024\/08\/PAGINA-WEB-1-1024x302.png\" class=\"attachment-large size-large wp-image-2013\" alt=\"\" srcset=\"https:\/\/grupobiotech.com.mx\/wp-content\/uploads\/2024\/08\/PAGINA-WEB-1-1024x302.png 1024w, https:\/\/grupobiotech.com.mx\/wp-content\/uploads\/2024\/08\/PAGINA-WEB-1-300x89.png 300w, https:\/\/grupobiotech.com.mx\/wp-content\/uploads\/2024\/08\/PAGINA-WEB-1-768x227.png 768w, https:\/\/grupobiotech.com.mx\/wp-content\/uploads\/2024\/08\/PAGINA-WEB-1.png 1043w\" sizes=\"(max-width: 1024px) 100vw, 1024px\" \/>\t\t\t\t\t\t\t\t\t\t\t\t\t\t\t<\/div>\n\t\t\t\t<\/div>\n\t\t\t\t<div class=\"elementor-element elementor-element-06eb284 elementor-widget-tablet__width-initial elementor-widget elementor-widget-image\" data-id=\"06eb284\" data-element_type=\"widget\" data-widget_type=\"image.default\">\n\t\t\t\t<div class=\"elementor-widget-container\">\n\t\t\t\t\t\t\t\t\t\t\t\t\t\t\t<img loading=\"lazy\" decoding=\"async\" width=\"139\" height=\"47\" src=\"https:\/\/grupobiotech.com.mx\/wp-content\/uploads\/2024\/08\/ArrowLeft2.png\" class=\"attachment-large size-large wp-image-2010\" alt=\"\" \/>\t\t\t\t\t\t\t\t\t\t\t\t\t\t\t<\/div>\n\t\t\t\t<\/div>\n\t\t\t\t<div class=\"elementor-element elementor-element-991c406 elementor-widget elementor-widget-heading\" data-id=\"991c406\" data-element_type=\"widget\" data-widget_type=\"heading.default\">\n\t\t\t\t<div class=\"elementor-widget-container\">\n\t\t\t\t\t<h2 class=\"elementor-heading-title elementor-size-default\">Mini pepper<\/h2>\t\t\t\t<\/div>\n\t\t\t\t<\/div>\n\t\t\t\t<\/div>\n\t\t<div class=\"elementor-element elementor-element-ec2d2fc e-con-full e-flex e-con e-child\" data-id=\"ec2d2fc\" data-element_type=\"container\">\n\t\t\t\t<div class=\"elementor-element elementor-element-c20bfd1 e-transform elementor-widget-tablet__width-initial elementor-widget elementor-widget-image\" data-id=\"c20bfd1\" data-element_type=\"widget\" data-settings=\"{&quot;_transform_rotateZ_effect&quot;:{&quot;unit&quot;:&quot;px&quot;,&quot;size&quot;:25,&quot;sizes&quot;:[]},&quot;_transform_rotateZ_effect_tablet&quot;:{&quot;unit&quot;:&quot;deg&quot;,&quot;size&quot;:&quot;&quot;,&quot;sizes&quot;:[]},&quot;_transform_rotateZ_effect_mobile&quot;:{&quot;unit&quot;:&quot;deg&quot;,&quot;size&quot;:&quot;&quot;,&quot;sizes&quot;:[]}}\" data-widget_type=\"image.default\">\n\t\t\t\t<div class=\"elementor-widget-container\">\n\t\t\t\t\t\t\t\t\t\t\t\t\t\t\t<img loading=\"lazy\" decoding=\"async\" width=\"1024\" height=\"215\" src=\"https:\/\/grupobiotech.com.mx\/wp-content\/uploads\/2024\/08\/PAGINA-WEB-3-1024x215.png\" class=\"attachment-large size-large wp-image-2015\" alt=\"\" srcset=\"https:\/\/grupobiotech.com.mx\/wp-content\/uploads\/2024\/08\/PAGINA-WEB-3-1024x215.png 1024w, https:\/\/grupobiotech.com.mx\/wp-content\/uploads\/2024\/08\/PAGINA-WEB-3-300x63.png 300w, https:\/\/grupobiotech.com.mx\/wp-content\/uploads\/2024\/08\/PAGINA-WEB-3-768x161.png 768w, https:\/\/grupobiotech.com.mx\/wp-content\/uploads\/2024\/08\/PAGINA-WEB-3.png 1123w\" sizes=\"(max-width: 1024px) 100vw, 1024px\" \/>\t\t\t\t\t\t\t\t\t\t\t\t\t\t\t<\/div>\n\t\t\t\t<\/div>\n\t\t\t\t<div class=\"elementor-element elementor-element-92af102 elementor-widget-tablet__width-initial elementor-widget elementor-widget-image\" data-id=\"92af102\" data-element_type=\"widget\" data-widget_type=\"image.default\">\n\t\t\t\t<div class=\"elementor-widget-container\">\n\t\t\t\t\t\t\t\t\t\t\t\t\t\t\t<img decoding=\"async\" width=\"145\" height=\"47\" src=\"https:\/\/grupobiotech.com.mx\/wp-content\/uploads\/2024\/08\/ArrowLeft1.png\" class=\"attachment-large size-large wp-image-2009\" alt=\"\" \/>\t\t\t\t\t\t\t\t\t\t\t\t\t\t\t<\/div>\n\t\t\t\t<\/div>\n\t\t\t\t<div class=\"elementor-element elementor-element-d281e70 elementor-widget elementor-widget-heading\" data-id=\"d281e70\" data-element_type=\"widget\" data-widget_type=\"heading.default\">\n\t\t\t\t<div class=\"elementor-widget-container\">\n\t\t\t\t\t<h2 class=\"elementor-heading-title elementor-size-default\">European cucumber<\/h2>\t\t\t\t<\/div>\n\t\t\t\t<\/div>\n\t\t\t\t<div class=\"elementor-element elementor-element-be142da elementor-widget__width-initial elementor-widget elementor-widget-heading\" data-id=\"be142da\" data-element_type=\"widget\" data-widget_type=\"heading.default\">\n\t\t\t\t<div class=\"elementor-widget-container\">\n\t\t\t\t\t<h2 class=\"elementor-heading-title elementor-size-default\">Mini cucumber<\/h2>\t\t\t\t<\/div>\n\t\t\t\t<\/div>\n\t\t\t\t<div class=\"elementor-element elementor-element-4bdaf83 elementor-widget-tablet__width-initial elementor-widget elementor-widget-image\" data-id=\"4bdaf83\" data-element_type=\"widget\" data-widget_type=\"image.default\">\n\t\t\t\t<div class=\"elementor-widget-container\">\n\t\t\t\t\t\t\t\t\t\t\t\t\t\t\t<img decoding=\"async\" width=\"136\" height=\"47\" src=\"https:\/\/grupobiotech.com.mx\/wp-content\/uploads\/2024\/08\/ArrowRight2.png\" class=\"attachment-large size-large wp-image-2012\" alt=\"\" \/>\t\t\t\t\t\t\t\t\t\t\t\t\t\t\t<\/div>\n\t\t\t\t<\/div>\n\t\t\t\t<div class=\"elementor-element elementor-element-942e2cc elementor-widget elementor-widget-image\" data-id=\"942e2cc\" data-element_type=\"widget\" data-widget_type=\"image.default\">\n\t\t\t\t<div class=\"elementor-widget-container\">\n\t\t\t\t\t\t\t\t\t\t\t\t\t\t\t<img loading=\"lazy\" decoding=\"async\" width=\"1024\" height=\"640\" src=\"https:\/\/grupobiotech.com.mx\/wp-content\/uploads\/2024\/12\/PAGINA-WEB-1-1024x640.png\" class=\"attachment-large size-large wp-image-2383\" alt=\"\" srcset=\"https:\/\/grupobiotech.com.mx\/wp-content\/uploads\/2024\/12\/PAGINA-WEB-1-1024x640.png 1024w, https:\/\/grupobiotech.com.mx\/wp-content\/uploads\/2024\/12\/PAGINA-WEB-1-300x188.png 300w, https:\/\/grupobiotech.com.mx\/wp-content\/uploads\/2024\/12\/PAGINA-WEB-1-768x480.png 768w, https:\/\/grupobiotech.com.mx\/wp-content\/uploads\/2024\/12\/PAGINA-WEB-1-18x12.png 18w, https:\/\/grupobiotech.com.mx\/wp-content\/uploads\/2024\/12\/PAGINA-WEB-1.png 1280w\" sizes=\"(max-width: 1024px) 100vw, 1024px\" \/>\t\t\t\t\t\t\t\t\t\t\t\t\t\t\t<\/div>\n\t\t\t\t<\/div>\n\t\t\t\t<\/div>\n\t\t<div class=\"elementor-element elementor-element-36d264b e-con-full e-flex e-con e-child\" data-id=\"36d264b\" data-element_type=\"container\">\n\t\t<div class=\"elementor-element elementor-element-9a44cf5 e-con-full e-flex e-con e-child\" data-id=\"9a44cf5\" data-element_type=\"container\">\n\t\t\t\t<div class=\"elementor-element elementor-element-79bc875 elementor-widget elementor-widget-heading\" data-id=\"79bc875\" data-element_type=\"widget\" data-widget_type=\"heading.default\">\n\t\t\t\t<div class=\"elementor-widget-container\">\n\t\t\t\t\t<h2 class=\"elementor-heading-title elementor-size-default\">Pepino Slicer<\/h2>\t\t\t\t<\/div>\n\t\t\t\t<\/div>\n\t\t\t\t<div class=\"elementor-element elementor-element-c23e269 elementor-widget-tablet__width-initial elementor-widget elementor-widget-image\" data-id=\"c23e269\" data-element_type=\"widget\" data-widget_type=\"image.default\">\n\t\t\t\t<div class=\"elementor-widget-container\">\n\t\t\t\t\t\t\t\t\t\t\t\t\t\t\t<img loading=\"lazy\" decoding=\"async\" width=\"146\" height=\"46\" src=\"https:\/\/grupobiotech.com.mx\/wp-content\/uploads\/2024\/08\/ArrowRight1.png\" class=\"attachment-large size-large wp-image-2011\" alt=\"\" \/>\t\t\t\t\t\t\t\t\t\t\t\t\t\t\t<\/div>\n\t\t\t\t<\/div>\n\t\t\t\t<div class=\"elementor-element elementor-element-164da57 e-transform elementor-widget elementor-widget-image\" data-id=\"164da57\" data-element_type=\"widget\" data-settings=\"{&quot;_transform_rotateZ_effect&quot;:{&quot;unit&quot;:&quot;px&quot;,&quot;size&quot;:&quot;&quot;,&quot;sizes&quot;:[]},&quot;_transform_rotateZ_effect_tablet&quot;:{&quot;unit&quot;:&quot;deg&quot;,&quot;size&quot;:&quot;&quot;,&quot;sizes&quot;:[]},&quot;_transform_rotateZ_effect_mobile&quot;:{&quot;unit&quot;:&quot;deg&quot;,&quot;size&quot;:&quot;&quot;,&quot;sizes&quot;:[]}}\" data-widget_type=\"image.default\">\n\t\t\t\t<div class=\"elementor-widget-container\">\n\t\t\t\t\t\t\t\t\t\t\t\t\t\t\t<img loading=\"lazy\" decoding=\"async\" width=\"651\" height=\"270\" src=\"https:\/\/grupobiotech.com.mx\/wp-content\/uploads\/2025\/05\/PAGINA-WEB-1.png\" class=\"attachment-large size-large wp-image-2484\" alt=\"\" srcset=\"https:\/\/grupobiotech.com.mx\/wp-content\/uploads\/2025\/05\/PAGINA-WEB-1.png 651w, https:\/\/grupobiotech.com.mx\/wp-content\/uploads\/2025\/05\/PAGINA-WEB-1-300x124.png 300w, https:\/\/grupobiotech.com.mx\/wp-content\/uploads\/2025\/05\/PAGINA-WEB-1-18x7.png 18w\" sizes=\"(max-width: 651px) 100vw, 651px\" \/>\t\t\t\t\t\t\t\t\t\t\t\t\t\t\t<\/div>\n\t\t\t\t<\/div>\n\t\t\t\t<\/div>\n\t\t\t\t<\/div>\n\t\t\t\t\t<\/div>\n\t\t\t\t<\/div>\n\t\t\t\t<\/div>","protected":false},"excerpt":{"rendered":"<p>Nuestros Productos&#8230; Nos enorgullece ofrecer productos de la m\u00e1s alta calidad que cumplen con los est\u00e1ndares internacionales de certificaci\u00f3n org\u00e1nica. Nuestro equipo de expertos agricultores trabaja arduamente para garantizar que cada cosecha sea un testimonio de nuestra dedicaci\u00f3n a la excelencia y la integridad. Tomate heirloom Tomate uva Mini pimiento Pepino europeo Pepino persa Pepino [&hellip;]<\/p>","protected":false},"author":1,"featured_media":0,"parent":0,"menu_order":0,"comment_status":"closed","ping_status":"closed","template":"","meta":{"ocean_post_layout":"full-screen","ocean_both_sidebars_style":"","ocean_both_sidebars_content_width":0,"ocean_both_sidebars_sidebars_width":0,"ocean_sidebar":"0","ocean_second_sidebar":"0","ocean_disable_margins":"enable","ocean_add_body_class":"","ocean_shortcode_before_top_bar":"","ocean_shortcode_after_top_bar":"","ocean_shortcode_before_header":"","ocean_shortcode_after_header":"","ocean_has_shortcode":"","ocean_shortcode_after_title":"","ocean_shortcode_before_footer_widgets":"","ocean_shortcode_after_footer_widgets":"","ocean_shortcode_before_footer_bottom":"","ocean_shortcode_after_footer_bottom":"","ocean_display_top_bar":"off","ocean_display_header":"default","ocean_header_style":"","ocean_center_header_left_menu":"0","ocean_custom_header_template":"0","ocean_custom_logo":0,"ocean_custom_retina_logo":0,"ocean_custom_logo_max_width":0,"ocean_custom_logo_tablet_max_width":0,"ocean_custom_logo_mobile_max_width":0,"ocean_custom_logo_max_height":0,"ocean_custom_logo_tablet_max_height":0,"ocean_custom_logo_mobile_max_height":0,"ocean_header_custom_menu":"0","ocean_menu_typo_font_family":"0","ocean_menu_typo_font_subset":"","ocean_menu_typo_font_size":0,"ocean_menu_typo_font_size_tablet":0,"ocean_menu_typo_font_size_mobile":0,"ocean_menu_typo_font_size_unit":"px","ocean_menu_typo_font_weight":"","ocean_menu_typo_font_weight_tablet":"","ocean_menu_typo_font_weight_mobile":"","ocean_menu_typo_transform":"","ocean_menu_typo_transform_tablet":"","ocean_menu_typo_transform_mobile":"","ocean_menu_typo_line_height":0,"ocean_menu_typo_line_height_tablet":0,"ocean_menu_typo_line_height_mobile":0,"ocean_menu_typo_line_height_unit":"","ocean_menu_typo_spacing":0,"ocean_menu_typo_spacing_tablet":0,"ocean_menu_typo_spacing_mobile":0,"ocean_menu_typo_spacing_unit":"","ocean_menu_link_color":"","ocean_menu_link_color_hover":"","ocean_menu_link_color_active":"","ocean_menu_link_background":"","ocean_menu_link_hover_background":"","ocean_menu_link_active_background":"","ocean_menu_social_links_bg":"","ocean_menu_social_hover_links_bg":"","ocean_menu_social_links_color":"","ocean_menu_social_hover_links_color":"","ocean_disable_title":"on","ocean_disable_heading":"default","ocean_post_title":"","ocean_post_subheading":"","ocean_post_title_style":"","ocean_post_title_background_color":"","ocean_post_title_background":0,"ocean_post_title_bg_image_position":"","ocean_post_title_bg_image_attachment":"","ocean_post_title_bg_image_repeat":"","ocean_post_title_bg_image_size":"","ocean_post_title_height":0,"ocean_post_title_bg_overlay":0.5,"ocean_post_title_bg_overlay_color":"","ocean_disable_breadcrumbs":"default","ocean_breadcrumbs_color":"","ocean_breadcrumbs_separator_color":"","ocean_breadcrumbs_links_color":"","ocean_breadcrumbs_links_hover_color":"","ocean_display_footer_widgets":"off","ocean_display_footer_bottom":"off","ocean_custom_footer_template":"0","footnotes":""},"class_list":["post-1873","page","type-page","status-publish","hentry","entry"],"_links":{"self":[{"href":"https:\/\/grupobiotech.com.mx\/en\/wp-json\/wp\/v2\/pages\/1873","targetHints":{"allow":["GET"]}}],"collection":[{"href":"https:\/\/grupobiotech.com.mx\/en\/wp-json\/wp\/v2\/pages"}],"about":[{"href":"https:\/\/grupobiotech.com.mx\/en\/wp-json\/wp\/v2\/types\/page"}],"author":[{"embeddable":true,"href":"https:\/\/grupobiotech.com.mx\/en\/wp-json\/wp\/v2\/users\/1"}],"replies":[{"embeddable":true,"href":"https:\/\/grupobiotech.com.mx\/en\/wp-json\/wp\/v2\/comments?post=1873"}],"version-history":[{"count":5,"href":"https:\/\/grupobiotech.com.mx\/en\/wp-json\/wp\/v2\/pages\/1873\/revisions"}],"predecessor-version":[{"id":2530,"href":"https:\/\/grupobiotech.com.mx\/en\/wp-json\/wp\/v2\/pages\/1873\/revisions\/2530"}],"wp:attachment":[{"href":"https:\/\/grupobiotech.com.mx\/en\/wp-json\/wp\/v2\/media?parent=1873"}],"curies":[{"name":"wp","href":"https:\/\/api.w.org\/{rel}","templated":true}]}}