{"id":2055,"date":"2024-08-07T23:01:52","date_gmt":"2024-08-07T23:01:52","guid":{"rendered":"https:\/\/grupobiotech.com.mx\/?page_id=2055"},"modified":"2025-05-28T23:58:08","modified_gmt":"2025-05-28T23:58:08","slug":"calidad","status":"publish","type":"page","link":"https:\/\/grupobiotech.com.mx\/en\/calidad\/","title":{"rendered":"Calidad"},"content":{"rendered":"<div data-elementor-type=\"wp-page\" data-elementor-id=\"2055\" class=\"elementor elementor-2055\">\n\t\t\t\t<div class=\"elementor-element elementor-element-d2110d0 e-con-full e-flex e-con e-parent\" data-id=\"d2110d0\" data-element_type=\"container\">\n\t\t<div class=\"elementor-element elementor-element-12bf3d7 e-con-full e-flex e-con e-child\" data-id=\"12bf3d7\" data-element_type=\"container\">\n\t\t\t\t<div class=\"elementor-element elementor-element-e631de1 elementor-widget__width-initial elementor-widget elementor-widget-image\" data-id=\"e631de1\" data-element_type=\"widget\" data-widget_type=\"image.default\">\n\t\t\t\t<div class=\"elementor-widget-container\">\n\t\t\t\t\t\t\t\t\t\t\t\t\t\t\t<img fetchpriority=\"high\" decoding=\"async\" width=\"1024\" height=\"270\" src=\"https:\/\/grupobiotech.com.mx\/wp-content\/uploads\/2024\/08\/PAGINA-WEB-1024x270.png\" class=\"attachment-large size-large wp-image-1938\" alt=\"\" srcset=\"https:\/\/grupobiotech.com.mx\/wp-content\/uploads\/2024\/08\/PAGINA-WEB-1024x270.png 1024w, https:\/\/grupobiotech.com.mx\/wp-content\/uploads\/2024\/08\/PAGINA-WEB-300x79.png 300w, https:\/\/grupobiotech.com.mx\/wp-content\/uploads\/2024\/08\/PAGINA-WEB-768x203.png 768w, https:\/\/grupobiotech.com.mx\/wp-content\/uploads\/2024\/08\/PAGINA-WEB.png 1242w\" sizes=\"(max-width: 1024px) 100vw, 1024px\" \/>\t\t\t\t\t\t\t\t\t\t\t\t\t\t\t<\/div>\n\t\t\t\t<\/div>\n\t\t<div class=\"elementor-element elementor-element-5a82375 e-con-full e-flex e-con e-child\" data-id=\"5a82375\" data-element_type=\"container\" data-settings=\"{&quot;background_background&quot;:&quot;classic&quot;}\">\n\t\t\t\t<div class=\"elementor-element elementor-element-411149f elementor-widget elementor-widget-heading\" data-id=\"411149f\" data-element_type=\"widget\" data-widget_type=\"heading.default\">\n\t\t\t\t<div class=\"elementor-widget-container\">\n\t\t\t\t\t<h2 class=\"elementor-heading-title elementor-size-default\">Certified organic company<\/h2>\t\t\t\t<\/div>\n\t\t\t\t<\/div>\n\t\t\t\t<div class=\"elementor-element elementor-element-b3d0155 elementor-widget__width-initial elementor-widget elementor-widget-text-editor\" data-id=\"b3d0155\" data-element_type=\"widget\" data-widget_type=\"text-editor.default\">\n\t\t\t\t<div class=\"elementor-widget-container\">\n\t\t\t\t\t\t\t\t\t<p>Contamos con distintas certificaciones, tanto en los cultivos, en nuestras instalaciones y como corporaci\u00f3n laboral.<\/p>\t\t\t\t\t\t\t\t<\/div>\n\t\t\t\t<\/div>\n\t\t\t\t<\/div>\n\t\t\t\t<\/div>\n\t\t<div class=\"elementor-element elementor-element-c828c67 e-con-full e-flex e-con e-child\" data-id=\"c828c67\" data-element_type=\"container\">\n\t\t\t\t<div class=\"elementor-element elementor-element-4dd6dca elementor-widget elementor-widget-image\" data-id=\"4dd6dca\" data-element_type=\"widget\" data-widget_type=\"image.default\">\n\t\t\t\t<div class=\"elementor-widget-container\">\n\t\t\t\t\t\t\t\t\t\t\t\t\t\t\t<img decoding=\"async\" width=\"776\" height=\"821\" src=\"https:\/\/grupobiotech.com.mx\/wp-content\/uploads\/2024\/12\/WhatsApp-Image-2024-12-10-at-5.29.20-PM.jpeg\" class=\"attachment-large size-large wp-image-2317\" alt=\"\" srcset=\"https:\/\/grupobiotech.com.mx\/wp-content\/uploads\/2024\/12\/WhatsApp-Image-2024-12-10-at-5.29.20-PM.jpeg 776w, https:\/\/grupobiotech.com.mx\/wp-content\/uploads\/2024\/12\/WhatsApp-Image-2024-12-10-at-5.29.20-PM-284x300.jpeg 284w, https:\/\/grupobiotech.com.mx\/wp-content\/uploads\/2024\/12\/WhatsApp-Image-2024-12-10-at-5.29.20-PM-768x813.jpeg 768w\" sizes=\"(max-width: 776px) 100vw, 776px\" \/>\t\t\t\t\t\t\t\t\t\t\t\t\t\t\t<\/div>\n\t\t\t\t<\/div>\n\t\t\t\t<div class=\"elementor-element elementor-element-5568fb9 elementor-widget elementor-widget-image\" data-id=\"5568fb9\" data-element_type=\"widget\" data-widget_type=\"image.default\">\n\t\t\t\t<div class=\"elementor-widget-container\">\n\t\t\t\t\t\t\t\t\t\t\t\t\t\t\t<img decoding=\"async\" width=\"752\" height=\"757\" src=\"https:\/\/grupobiotech.com.mx\/wp-content\/uploads\/2024\/12\/WhatsApp-Image-2024-12-10-at-5.28.28-PM.jpeg\" class=\"attachment-large size-large wp-image-2316\" alt=\"\" srcset=\"https:\/\/grupobiotech.com.mx\/wp-content\/uploads\/2024\/12\/WhatsApp-Image-2024-12-10-at-5.28.28-PM.jpeg 752w, https:\/\/grupobiotech.com.mx\/wp-content\/uploads\/2024\/12\/WhatsApp-Image-2024-12-10-at-5.28.28-PM-298x300.jpeg 298w, https:\/\/grupobiotech.com.mx\/wp-content\/uploads\/2024\/12\/WhatsApp-Image-2024-12-10-at-5.28.28-PM-150x150.jpeg 150w\" sizes=\"(max-width: 752px) 100vw, 752px\" \/>\t\t\t\t\t\t\t\t\t\t\t\t\t\t\t<\/div>\n\t\t\t\t<\/div>\n\t\t\t\t<div class=\"elementor-element elementor-element-9c4ad70 elementor-widget elementor-widget-image\" data-id=\"9c4ad70\" data-element_type=\"widget\" data-widget_type=\"image.default\">\n\t\t\t\t<div class=\"elementor-widget-container\">\n\t\t\t\t\t\t\t\t\t\t\t\t\t\t\t<img loading=\"lazy\" decoding=\"async\" width=\"808\" height=\"767\" src=\"https:\/\/grupobiotech.com.mx\/wp-content\/uploads\/2024\/12\/WhatsApp-Image-2024-12-10-at-5.18.04-PM.jpeg\" class=\"attachment-large size-large wp-image-2315\" alt=\"\" srcset=\"https:\/\/grupobiotech.com.mx\/wp-content\/uploads\/2024\/12\/WhatsApp-Image-2024-12-10-at-5.18.04-PM.jpeg 808w, https:\/\/grupobiotech.com.mx\/wp-content\/uploads\/2024\/12\/WhatsApp-Image-2024-12-10-at-5.18.04-PM-300x285.jpeg 300w, https:\/\/grupobiotech.com.mx\/wp-content\/uploads\/2024\/12\/WhatsApp-Image-2024-12-10-at-5.18.04-PM-768x729.jpeg 768w\" sizes=\"(max-width: 808px) 100vw, 808px\" \/>\t\t\t\t\t\t\t\t\t\t\t\t\t\t\t<\/div>\n\t\t\t\t<\/div>\n\t\t\t\t<\/div>\n\t\t<div class=\"elementor-element elementor-element-574f98a e-con-full e-flex e-con e-child\" data-id=\"574f98a\" data-element_type=\"container\">\n\t\t\t\t<div class=\"elementor-element elementor-element-0664ef2 elementor-widget elementor-widget-image\" data-id=\"0664ef2\" data-element_type=\"widget\" data-widget_type=\"image.default\">\n\t\t\t\t<div class=\"elementor-widget-container\">\n\t\t\t\t\t\t\t\t\t\t\t\t\t\t\t<img loading=\"lazy\" decoding=\"async\" width=\"760\" height=\"270\" src=\"https:\/\/grupobiotech.com.mx\/wp-content\/uploads\/2024\/12\/WhatsApp-Image-2024-12-10-at-5.40.15-PM.jpeg\" class=\"attachment-large size-large wp-image-2321\" alt=\"\" srcset=\"https:\/\/grupobiotech.com.mx\/wp-content\/uploads\/2024\/12\/WhatsApp-Image-2024-12-10-at-5.40.15-PM.jpeg 760w, https:\/\/grupobiotech.com.mx\/wp-content\/uploads\/2024\/12\/WhatsApp-Image-2024-12-10-at-5.40.15-PM-300x107.jpeg 300w\" sizes=\"(max-width: 760px) 100vw, 760px\" \/>\t\t\t\t\t\t\t\t\t\t\t\t\t\t\t<\/div>\n\t\t\t\t<\/div>\n\t\t\t\t<div class=\"elementor-element elementor-element-48083e3 elementor-widget elementor-widget-image\" data-id=\"48083e3\" data-element_type=\"widget\" data-widget_type=\"image.default\">\n\t\t\t\t<div class=\"elementor-widget-container\">\n\t\t\t\t\t\t\t\t\t\t\t\t\t\t\t<img loading=\"lazy\" decoding=\"async\" width=\"730\" height=\"328\" src=\"https:\/\/grupobiotech.com.mx\/wp-content\/uploads\/2024\/12\/WhatsApp-Image-2024-12-10-at-5.36.54-PM.jpeg\" class=\"attachment-large size-large wp-image-2320\" alt=\"\" srcset=\"https:\/\/grupobiotech.com.mx\/wp-content\/uploads\/2024\/12\/WhatsApp-Image-2024-12-10-at-5.36.54-PM.jpeg 730w, https:\/\/grupobiotech.com.mx\/wp-content\/uploads\/2024\/12\/WhatsApp-Image-2024-12-10-at-5.36.54-PM-300x135.jpeg 300w\" sizes=\"(max-width: 730px) 100vw, 730px\" \/>\t\t\t\t\t\t\t\t\t\t\t\t\t\t\t<\/div>\n\t\t\t\t<\/div>\n\t\t\t\t<div class=\"elementor-element elementor-element-4bc9120 elementor-widget__width-initial elementor-widget elementor-widget-image\" data-id=\"4bc9120\" data-element_type=\"widget\" data-widget_type=\"image.default\">\n\t\t\t\t<div class=\"elementor-widget-container\">\n\t\t\t\t\t\t\t\t\t\t\t\t\t\t\t<img loading=\"lazy\" decoding=\"async\" width=\"250\" height=\"150\" src=\"https:\/\/grupobiotech.com.mx\/wp-content\/uploads\/2024\/12\/WhatsApp-Image-2024-12-10-at-5.35.54-PM.jpeg\" class=\"attachment-large size-large wp-image-2319\" alt=\"\" \/>\t\t\t\t\t\t\t\t\t\t\t\t\t\t\t<\/div>\n\t\t\t\t<\/div>\n\t\t\t\t<div class=\"elementor-element elementor-element-2496f84 elementor-widget elementor-widget-image\" data-id=\"2496f84\" data-element_type=\"widget\" data-widget_type=\"image.default\">\n\t\t\t\t<div class=\"elementor-widget-container\">\n\t\t\t\t\t\t\t\t\t\t\t\t\t\t\t<img loading=\"lazy\" decoding=\"async\" width=\"1024\" height=\"396\" src=\"https:\/\/grupobiotech.com.mx\/wp-content\/uploads\/2024\/12\/B0532017-1024x396.jpg\" class=\"attachment-large size-large wp-image-2373\" alt=\"\" srcset=\"https:\/\/grupobiotech.com.mx\/wp-content\/uploads\/2024\/12\/B0532017-1024x396.jpg 1024w, https:\/\/grupobiotech.com.mx\/wp-content\/uploads\/2024\/12\/B0532017-300x116.jpg 300w, https:\/\/grupobiotech.com.mx\/wp-content\/uploads\/2024\/12\/B0532017-768x297.jpg 768w, https:\/\/grupobiotech.com.mx\/wp-content\/uploads\/2024\/12\/B0532017-1536x593.jpg 1536w, https:\/\/grupobiotech.com.mx\/wp-content\/uploads\/2024\/12\/B0532017-2048x791.jpg 2048w, https:\/\/grupobiotech.com.mx\/wp-content\/uploads\/2024\/12\/B0532017-18x7.jpg 18w\" sizes=\"(max-width: 1024px) 100vw, 1024px\" \/>\t\t\t\t\t\t\t\t\t\t\t\t\t\t\t<\/div>\n\t\t\t\t<\/div>\n\t\t\t\t<\/div>\n\t\t<div class=\"elementor-element elementor-element-0ca9c58 e-con-full e-flex e-con e-child\" data-id=\"0ca9c58\" data-element_type=\"container\">\n\t\t\t\t<div class=\"elementor-element elementor-element-530a6f8 elementor-widget__width-initial elementor-widget elementor-widget-image\" data-id=\"530a6f8\" data-element_type=\"widget\" data-widget_type=\"image.default\">\n\t\t\t\t<div class=\"elementor-widget-container\">\n\t\t\t\t\t\t\t\t\t\t\t\t\t\t\t<img loading=\"lazy\" decoding=\"async\" width=\"1024\" height=\"255\" src=\"https:\/\/grupobiotech.com.mx\/wp-content\/uploads\/2024\/08\/Sentence2-1024x255.png\" class=\"attachment-large size-large wp-image-1940\" alt=\"\" srcset=\"https:\/\/grupobiotech.com.mx\/wp-content\/uploads\/2024\/08\/Sentence2-1024x255.png 1024w, https:\/\/grupobiotech.com.mx\/wp-content\/uploads\/2024\/08\/Sentence2-300x75.png 300w, https:\/\/grupobiotech.com.mx\/wp-content\/uploads\/2024\/08\/Sentence2-768x191.png 768w, https:\/\/grupobiotech.com.mx\/wp-content\/uploads\/2024\/08\/Sentence2.png 1042w\" sizes=\"(max-width: 1024px) 100vw, 1024px\" \/>\t\t\t\t\t\t\t\t\t\t\t\t\t\t\t<\/div>\n\t\t\t\t<\/div>\n\t\t\t\t<div class=\"elementor-element elementor-element-1082829 elementor-widget-mobile__width-initial elementor-widget elementor-widget-image\" data-id=\"1082829\" data-element_type=\"widget\" data-widget_type=\"image.default\">\n\t\t\t\t<div class=\"elementor-widget-container\">\n\t\t\t\t\t\t\t\t\t\t\t\t\t\t\t<img loading=\"lazy\" decoding=\"async\" width=\"1024\" height=\"254\" src=\"https:\/\/grupobiotech.com.mx\/wp-content\/uploads\/2024\/08\/Cucumber-Doodles-1024x254.png\" class=\"attachment-large size-large wp-image-1937\" alt=\"\" srcset=\"https:\/\/grupobiotech.com.mx\/wp-content\/uploads\/2024\/08\/Cucumber-Doodles-1024x254.png 1024w, https:\/\/grupobiotech.com.mx\/wp-content\/uploads\/2024\/08\/Cucumber-Doodles-300x74.png 300w, https:\/\/grupobiotech.com.mx\/wp-content\/uploads\/2024\/08\/Cucumber-Doodles-768x191.png 768w, https:\/\/grupobiotech.com.mx\/wp-content\/uploads\/2024\/08\/Cucumber-Doodles.png 1072w\" sizes=\"(max-width: 1024px) 100vw, 1024px\" \/>\t\t\t\t\t\t\t\t\t\t\t\t\t\t\t<\/div>\n\t\t\t\t<\/div>\n\t\t\t\t<\/div>\n\t\t\t\t<\/div>\n\t\t<div class=\"elementor-element elementor-element-e0a708e e-flex e-con-boxed e-con e-parent\" data-id=\"e0a708e\" data-element_type=\"container\">\n\t\t\t\t\t<div class=\"e-con-inner\">\n\t\t<div class=\"elementor-element elementor-element-2c44d8d e-con-full e-flex e-con e-child\" data-id=\"2c44d8d\" data-element_type=\"container\">\n\t\t<div class=\"elementor-element elementor-element-300f061 e-con-full e-flex e-con e-child\" data-id=\"300f061\" data-element_type=\"container\" data-settings=\"{&quot;background_background&quot;:&quot;classic&quot;}\">\n\t\t\t\t<div class=\"elementor-element elementor-element-ed1b9de elementor-widget elementor-widget-heading\" data-id=\"ed1b9de\" data-element_type=\"widget\" data-widget_type=\"heading.default\">\n\t\t\t\t<div class=\"elementor-widget-container\">\n\t\t\t\t\t<h2 class=\"elementor-heading-title elementor-size-default\">Biological control<\/h2>\t\t\t\t<\/div>\n\t\t\t\t<\/div>\n\t\t\t\t<div class=\"elementor-element elementor-element-796f5b4 elementor-widget elementor-widget-text-editor\" data-id=\"796f5b4\" data-element_type=\"widget\" data-widget_type=\"text-editor.default\">\n\t\t\t\t<div class=\"elementor-widget-container\">\n\t\t\t\t\t\t\t\t\t<p>Protegemos nuestras plantas de forma org\u00e1nica con insectos beneficiosos<\/p>\t\t\t\t\t\t\t\t<\/div>\n\t\t\t\t<\/div>\n\t\t\t\t<\/div>\n\t\t\t\t<div class=\"elementor-element elementor-element-a39e57e elementor-widget-mobile__width-initial elementor-widget elementor-widget-image\" data-id=\"a39e57e\" data-element_type=\"widget\" data-widget_type=\"image.default\">\n\t\t\t\t<div class=\"elementor-widget-container\">\n\t\t\t\t\t\t\t\t\t\t\t\t\t\t\t<img loading=\"lazy\" decoding=\"async\" width=\"598\" height=\"800\" src=\"https:\/\/grupobiotech.com.mx\/wp-content\/uploads\/2024\/08\/30.png\" class=\"attachment-large size-large wp-image-2202\" alt=\"\" srcset=\"https:\/\/grupobiotech.com.mx\/wp-content\/uploads\/2024\/08\/30.png 598w, https:\/\/grupobiotech.com.mx\/wp-content\/uploads\/2024\/08\/30-224x300.png 224w\" sizes=\"(max-width: 598px) 100vw, 598px\" \/>\t\t\t\t\t\t\t\t\t\t\t\t\t\t\t<\/div>\n\t\t\t\t<\/div>\n\t\t\t\t<div class=\"elementor-element elementor-element-dd04e0a elementor-widget-mobile__width-initial elementor-widget elementor-widget-image\" data-id=\"dd04e0a\" data-element_type=\"widget\" data-widget_type=\"image.default\">\n\t\t\t\t<div class=\"elementor-widget-container\">\n\t\t\t\t\t\t\t\t\t\t\t\t\t\t\t<img loading=\"lazy\" decoding=\"async\" width=\"597\" height=\"800\" src=\"https:\/\/grupobiotech.com.mx\/wp-content\/uploads\/2024\/08\/32.png\" class=\"attachment-large size-large wp-image-2204\" alt=\"\" srcset=\"https:\/\/grupobiotech.com.mx\/wp-content\/uploads\/2024\/08\/32.png 597w, https:\/\/grupobiotech.com.mx\/wp-content\/uploads\/2024\/08\/32-224x300.png 224w\" sizes=\"(max-width: 597px) 100vw, 597px\" \/>\t\t\t\t\t\t\t\t\t\t\t\t\t\t\t<\/div>\n\t\t\t\t<\/div>\n\t\t\t\t<div class=\"elementor-element elementor-element-69f38e2 elementor-widget-mobile__width-initial elementor-widget elementor-widget-image\" data-id=\"69f38e2\" data-element_type=\"widget\" data-widget_type=\"image.default\">\n\t\t\t\t<div class=\"elementor-widget-container\">\n\t\t\t\t\t\t\t\t\t\t\t\t\t\t\t<img loading=\"lazy\" decoding=\"async\" width=\"597\" height=\"800\" src=\"https:\/\/grupobiotech.com.mx\/wp-content\/uploads\/2024\/08\/31.png\" class=\"attachment-large size-large wp-image-2203\" alt=\"\" srcset=\"https:\/\/grupobiotech.com.mx\/wp-content\/uploads\/2024\/08\/31.png 597w, https:\/\/grupobiotech.com.mx\/wp-content\/uploads\/2024\/08\/31-224x300.png 224w\" sizes=\"(max-width: 597px) 100vw, 597px\" \/>\t\t\t\t\t\t\t\t\t\t\t\t\t\t\t<\/div>\n\t\t\t\t<\/div>\n\t\t\t\t<\/div>\n\t\t\t\t\t<\/div>\n\t\t\t\t<\/div>\n\t\t<div class=\"elementor-element elementor-element-2c513a5 e-flex e-con-boxed e-con e-parent\" data-id=\"2c513a5\" data-element_type=\"container\">\n\t\t\t\t\t<div class=\"e-con-inner\">\n\t\t<div class=\"elementor-element elementor-element-03c3ec4 e-con-full e-flex e-con e-child\" data-id=\"03c3ec4\" data-element_type=\"container\">\n\t\t<div class=\"elementor-element elementor-element-20c0d8c e-grid e-con-full e-con e-child\" data-id=\"20c0d8c\" data-element_type=\"container\">\n\t\t\t\t<div class=\"elementor-element elementor-element-e512121 elementor-widget elementor-widget-image\" data-id=\"e512121\" data-element_type=\"widget\" data-widget_type=\"image.default\">\n\t\t\t\t<div class=\"elementor-widget-container\">\n\t\t\t\t\t\t\t\t\t\t\t\t\t\t\t<img loading=\"lazy\" decoding=\"async\" width=\"800\" height=\"800\" src=\"https:\/\/grupobiotech.com.mx\/wp-content\/uploads\/2024\/12\/foto-empaque-1-1.jpg\" class=\"attachment-large size-large wp-image-2310\" alt=\"\" srcset=\"https:\/\/grupobiotech.com.mx\/wp-content\/uploads\/2024\/12\/foto-empaque-1-1.jpg 800w, https:\/\/grupobiotech.com.mx\/wp-content\/uploads\/2024\/12\/foto-empaque-1-1-300x300.jpg 300w, https:\/\/grupobiotech.com.mx\/wp-content\/uploads\/2024\/12\/foto-empaque-1-1-150x150.jpg 150w, https:\/\/grupobiotech.com.mx\/wp-content\/uploads\/2024\/12\/foto-empaque-1-1-768x768.jpg 768w, https:\/\/grupobiotech.com.mx\/wp-content\/uploads\/2024\/12\/foto-empaque-1-1-600x600.jpg 600w\" sizes=\"(max-width: 800px) 100vw, 800px\" \/>\t\t\t\t\t\t\t\t\t\t\t\t\t\t\t<\/div>\n\t\t\t\t<\/div>\n\t\t\t\t<div class=\"elementor-element elementor-element-0f27a65 elementor-widget elementor-widget-image\" data-id=\"0f27a65\" data-element_type=\"widget\" data-widget_type=\"image.default\">\n\t\t\t\t<div class=\"elementor-widget-container\">\n\t\t\t\t\t\t\t\t\t\t\t\t\t\t\t<img loading=\"lazy\" decoding=\"async\" width=\"720\" height=\"720\" src=\"https:\/\/grupobiotech.com.mx\/wp-content\/uploads\/2024\/12\/WhatsApp-Image-2018-02-22-at-1.26.32-PM.jpeg\" class=\"attachment-large size-large wp-image-2314\" alt=\"\" srcset=\"https:\/\/grupobiotech.com.mx\/wp-content\/uploads\/2024\/12\/WhatsApp-Image-2018-02-22-at-1.26.32-PM.jpeg 720w, https:\/\/grupobiotech.com.mx\/wp-content\/uploads\/2024\/12\/WhatsApp-Image-2018-02-22-at-1.26.32-PM-300x300.jpeg 300w, https:\/\/grupobiotech.com.mx\/wp-content\/uploads\/2024\/12\/WhatsApp-Image-2018-02-22-at-1.26.32-PM-150x150.jpeg 150w, https:\/\/grupobiotech.com.mx\/wp-content\/uploads\/2024\/12\/WhatsApp-Image-2018-02-22-at-1.26.32-PM-600x600.jpeg 600w\" sizes=\"(max-width: 720px) 100vw, 720px\" \/>\t\t\t\t\t\t\t\t\t\t\t\t\t\t\t<\/div>\n\t\t\t\t<\/div>\n\t\t\t\t<div class=\"elementor-element elementor-element-8ede741 elementor-widget elementor-widget-image\" data-id=\"8ede741\" data-element_type=\"widget\" data-widget_type=\"image.default\">\n\t\t\t\t<div class=\"elementor-widget-container\">\n\t\t\t\t\t\t\t\t\t\t\t\t\t\t\t<img loading=\"lazy\" decoding=\"async\" width=\"720\" height=\"720\" src=\"https:\/\/grupobiotech.com.mx\/wp-content\/uploads\/2024\/12\/WhatsApp-Image-2018-02-20-at-4.23.13-PM.jpeg\" class=\"attachment-large size-large wp-image-2313\" alt=\"\" srcset=\"https:\/\/grupobiotech.com.mx\/wp-content\/uploads\/2024\/12\/WhatsApp-Image-2018-02-20-at-4.23.13-PM.jpeg 720w, https:\/\/grupobiotech.com.mx\/wp-content\/uploads\/2024\/12\/WhatsApp-Image-2018-02-20-at-4.23.13-PM-300x300.jpeg 300w, https:\/\/grupobiotech.com.mx\/wp-content\/uploads\/2024\/12\/WhatsApp-Image-2018-02-20-at-4.23.13-PM-150x150.jpeg 150w, https:\/\/grupobiotech.com.mx\/wp-content\/uploads\/2024\/12\/WhatsApp-Image-2018-02-20-at-4.23.13-PM-600x600.jpeg 600w\" sizes=\"(max-width: 720px) 100vw, 720px\" \/>\t\t\t\t\t\t\t\t\t\t\t\t\t\t\t<\/div>\n\t\t\t\t<\/div>\n\t\t\t\t<div class=\"elementor-element elementor-element-e3e63c3 elementor-widget elementor-widget-image\" data-id=\"e3e63c3\" data-element_type=\"widget\" data-widget_type=\"image.default\">\n\t\t\t\t<div class=\"elementor-widget-container\">\n\t\t\t\t\t\t\t\t\t\t\t\t\t\t\t<img loading=\"lazy\" decoding=\"async\" width=\"891\" height=\"891\" src=\"https:\/\/grupobiotech.com.mx\/wp-content\/uploads\/2024\/12\/foto-comida-6.jpg\" class=\"attachment-large size-large wp-image-2379\" alt=\"\" srcset=\"https:\/\/grupobiotech.com.mx\/wp-content\/uploads\/2024\/12\/foto-comida-6.jpg 891w, https:\/\/grupobiotech.com.mx\/wp-content\/uploads\/2024\/12\/foto-comida-6-300x300.jpg 300w, https:\/\/grupobiotech.com.mx\/wp-content\/uploads\/2024\/12\/foto-comida-6-150x150.jpg 150w, https:\/\/grupobiotech.com.mx\/wp-content\/uploads\/2024\/12\/foto-comida-6-768x768.jpg 768w, https:\/\/grupobiotech.com.mx\/wp-content\/uploads\/2024\/12\/foto-comida-6-12x12.jpg 12w, https:\/\/grupobiotech.com.mx\/wp-content\/uploads\/2024\/12\/foto-comida-6-600x600.jpg 600w\" sizes=\"(max-width: 891px) 100vw, 891px\" \/>\t\t\t\t\t\t\t\t\t\t\t\t\t\t\t<\/div>\n\t\t\t\t<\/div>\n\t\t\t\t<\/div>\n\t\t<div class=\"elementor-element elementor-element-b7aab39 e-con-full e-flex e-con e-child\" data-id=\"b7aab39\" data-element_type=\"container\">\n\t\t\t\t<div class=\"elementor-element elementor-element-4ff74d1 elementor-widget elementor-widget-heading\" data-id=\"4ff74d1\" data-element_type=\"widget\" data-widget_type=\"heading.default\">\n\t\t\t\t<div class=\"elementor-widget-container\">\n\t\t\t\t\t<h2 class=\"elementor-heading-title elementor-size-default\">Capacitaci\u00f3n<\/h2>\t\t\t\t<\/div>\n\t\t\t\t<\/div>\n\t\t\t\t<div class=\"elementor-element elementor-element-10b82fd elementor-widget elementor-widget-text-editor\" data-id=\"10b82fd\" data-element_type=\"widget\" data-widget_type=\"text-editor.default\">\n\t\t\t\t<div class=\"elementor-widget-container\">\n\t\t\t\t\t\t\t\t\t<p>We are committed to training and developing all our employees when they start work and throughout their careers. To this end, we offer a variety of training programs and courses, such as...<\/p><ul><li>On-the-job training provided by our supervisors<\/li><li>Online courses on topics such as Microsoft Office<\/li><li>Training on communication, leadership and much more<\/li><li>Safety instructions<\/li><li>Quality measures<\/li><li>And much more!<\/li><\/ul>\t\t\t\t\t\t\t\t<\/div>\n\t\t\t\t<\/div>\n\t\t\t\t<\/div>\n\t\t\t\t<\/div>\n\t\t\t\t\t<\/div>\n\t\t\t\t<\/div>\n\t\t\t\t<\/div>","protected":false},"excerpt":{"rendered":"<p>Empresa org\u00e1nica certificada Contamos con distintas certificaciones, tanto en los cultivos, en nuestras instalaciones y como corporaci\u00f3n laboral. Control biol\u00f3gico Protegemos nuestras plantas de forma org\u00e1nica con insectos beneficiosos Capacitaci\u00f3n Nos comprometemos a formar y desarrollar a todos nuestros empleados cuando empiezan a trabajar y a lo largo de toda su carrera. Para ello, ofrecemos [&hellip;]<\/p>","protected":false},"author":1,"featured_media":0,"parent":0,"menu_order":0,"comment_status":"closed","ping_status":"closed","template":"","meta":{"ocean_post_layout":"full-screen","ocean_both_sidebars_style":"","ocean_both_sidebars_content_width":0,"ocean_both_sidebars_sidebars_width":0,"ocean_sidebar":"","ocean_second_sidebar":"","ocean_disable_margins":"enable","ocean_add_body_class":"","ocean_shortcode_before_top_bar":"","ocean_shortcode_after_top_bar":"","ocean_shortcode_before_header":"","ocean_shortcode_after_header":"","ocean_has_shortcode":"","ocean_shortcode_after_title":"","ocean_shortcode_before_footer_widgets":"","ocean_shortcode_after_footer_widgets":"","ocean_shortcode_before_footer_bottom":"","ocean_shortcode_after_footer_bottom":"","ocean_display_top_bar":"off","ocean_display_header":"default","ocean_header_style":"","ocean_center_header_left_menu":"","ocean_custom_header_template":"","ocean_custom_logo":0,"ocean_custom_retina_logo":0,"ocean_custom_logo_max_width":0,"ocean_custom_logo_tablet_max_width":0,"ocean_custom_logo_mobile_max_width":0,"ocean_custom_logo_max_height":0,"ocean_custom_logo_tablet_max_height":0,"ocean_custom_logo_mobile_max_height":0,"ocean_header_custom_menu":"","ocean_menu_typo_font_family":"","ocean_menu_typo_font_subset":"","ocean_menu_typo_font_size":0,"ocean_menu_typo_font_size_tablet":0,"ocean_menu_typo_font_size_mobile":0,"ocean_menu_typo_font_size_unit":"px","ocean_menu_typo_font_weight":"","ocean_menu_typo_font_weight_tablet":"","ocean_menu_typo_font_weight_mobile":"","ocean_menu_typo_transform":"","ocean_menu_typo_transform_tablet":"","ocean_menu_typo_transform_mobile":"","ocean_menu_typo_line_height":0,"ocean_menu_typo_line_height_tablet":0,"ocean_menu_typo_line_height_mobile":0,"ocean_menu_typo_line_height_unit":"","ocean_menu_typo_spacing":0,"ocean_menu_typo_spacing_tablet":0,"ocean_menu_typo_spacing_mobile":0,"ocean_menu_typo_spacing_unit":"","ocean_menu_link_color":"","ocean_menu_link_color_hover":"","ocean_menu_link_color_active":"","ocean_menu_link_background":"","ocean_menu_link_hover_background":"","ocean_menu_link_active_background":"","ocean_menu_social_links_bg":"","ocean_menu_social_hover_links_bg":"","ocean_menu_social_links_color":"","ocean_menu_social_hover_links_color":"","ocean_disable_title":"on","ocean_disable_heading":"default","ocean_post_title":"","ocean_post_subheading":"","ocean_post_title_style":"","ocean_post_title_background_color":"","ocean_post_title_background":0,"ocean_post_title_bg_image_position":"","ocean_post_title_bg_image_attachment":"","ocean_post_title_bg_image_repeat":"","ocean_post_title_bg_image_size":"","ocean_post_title_height":0,"ocean_post_title_bg_overlay":0.5,"ocean_post_title_bg_overlay_color":"","ocean_disable_breadcrumbs":"default","ocean_breadcrumbs_color":"","ocean_breadcrumbs_separator_color":"","ocean_breadcrumbs_links_color":"","ocean_breadcrumbs_links_hover_color":"","ocean_display_footer_widgets":"off","ocean_display_footer_bottom":"off","ocean_custom_footer_template":"","footnotes":""},"class_list":["post-2055","page","type-page","status-publish","hentry","entry"],"_links":{"self":[{"href":"https:\/\/grupobiotech.com.mx\/en\/wp-json\/wp\/v2\/pages\/2055","targetHints":{"allow":["GET"]}}],"collection":[{"href":"https:\/\/grupobiotech.com.mx\/en\/wp-json\/wp\/v2\/pages"}],"about":[{"href":"https:\/\/grupobiotech.com.mx\/en\/wp-json\/wp\/v2\/types\/page"}],"author":[{"embeddable":true,"href":"https:\/\/grupobiotech.com.mx\/en\/wp-json\/wp\/v2\/users\/1"}],"replies":[{"embeddable":true,"href":"https:\/\/grupobiotech.com.mx\/en\/wp-json\/wp\/v2\/comments?post=2055"}],"version-history":[{"count":5,"href":"https:\/\/grupobiotech.com.mx\/en\/wp-json\/wp\/v2\/pages\/2055\/revisions"}],"predecessor-version":[{"id":2539,"href":"https:\/\/grupobiotech.com.mx\/en\/wp-json\/wp\/v2\/pages\/2055\/revisions\/2539"}],"wp:attachment":[{"href":"https:\/\/grupobiotech.com.mx\/en\/wp-json\/wp\/v2\/media?parent=2055"}],"curies":[{"name":"wp","href":"https:\/\/api.w.org\/{rel}","templated":true}]}}